{"id":36,"date":"2018-07-03T07:48:02","date_gmt":"2018-07-03T05:48:02","guid":{"rendered":"https:\/\/stehwein.com\/?page_id=36"},"modified":"2019-11-04T17:54:57","modified_gmt":"2019-11-04T16:54:57","slug":"geschichte","status":"publish","type":"page","link":"https:\/\/stehwein.com\/index.php\/geschichte\/","title":{"rendered":"Geschichte"},"content":{"rendered":"<p lang=\"de-DE\">Wer zum ersten Mal die Stehweingesellschaft kontaktiert, dem f\u00e4llt auf, dass z.B. Helmut K\u00f6cher als Obmann von den 19 Mitgliedern der Gesellschaft nicht mit \u201eObmann\u201c oder \u201eVorsitzender\u201c angesprochen wird, sondern mit \u201e<b>Obrist<\/b>\u201c. Eine Bezeichnung, die zugegebenerma\u00dfen etwas sonderbar klingt. Der Chronist hei\u00dft bei uns \u201e<b>Feldschreiber<\/b>\u201c und die Mitglieder sind \u201e<b>Gesellen<\/b>\u201c. Auch einen \u201e<b>Weingrafen<\/b>\u201c haben wir und gar einen \u201e<b>Festungskommandanten<\/b>\u201c. Und korrekt hei\u00dft es nicht \u201eStehwein <b>zu<\/b> Meran\u201c, sondern \u201e<b>ze<\/b> Meran\u201c.<\/p>\n<p lang=\"de-DE\">Das alles deutet auf ein gewisses Alter dieser Wein- und M\u00e4nnergilde hin \u2013 n\u00e4mlich auf <b>1842<\/b>. Da war Meran nur <b>per Kutsche<\/b> erreichbar, die Eisenbahn kam erst 4 Jahrzehnte sp\u00e4ter. Auch brannte noch kein <b>elektrisches Licht in den Stra\u00dfen<\/b>, und das <b>Vieh<\/b> wurde immer noch bei den <b>\u00f6ffentlichen Brunnen<\/b> getr\u00e4nkt.<\/p>\n<p lang=\"de-DE\">Meran hatte nur 3.000 Einwohner, Unter- und Obermais je 1000 und Gratsch 200, allerdings waren alle selbst\u00e4ndige Gemeinden. Nebenbei bemerkt, hatte Bozen 1842 auch nur knapp 10.000 Einwohner und ganz S\u00fcdtirol nicht einmal 200.000.<\/p>\n<p lang=\"de-DE\">Aber 1842 gab es in Meran schon einen recht <b>ansehnlichen<\/b> <b>Fremdenverkehr<\/b>, und auch das <b>geistige<\/b> und <b>gesellschaftliche<\/b> Leben konnte sich sehen lassen. Und musste man in Bozen noch die Auflagen und Vorgaben der <b>8 Seligkeiten<\/b> erf\u00fcllen, um zu den echten Boznern gez\u00e4hlt zu werden, so gab es in Meran <b>als Pendant<\/b> die Stehweingesellschaft.<\/p>\n<p lang=\"de-DE\">So scheinen die gro\u00dfen Namen der damaligen Zeit beim Stehwein auf, wie der langj\u00e4hrige Meraner B\u00fcrgermeister und Arzt <b>Dr. Gottlieb Putz<\/b> und <b>Dr. Franz Tappeiner<\/b>, der Arzt, dem die Meraner die ber\u00fchmte Promenade verdanken.<\/p>\n<p lang=\"de-DE\">Und eben in diesem Jahr <b>1842 <\/b>kam ein M\u00fcnchner zur Kur nach Meran, der die Passerstadt mit einer F\u00fclle von <b>Initiativen<\/b> und <b>Ideen<\/b> zum Bl\u00fchen bringen sollte: Der 28-j\u00e4hrige Literat und Journalist <b>Josef Friedrich Lentner<\/b>.<\/p>\n<p lang=\"de-DE\">Er hat die <b>Meraner Kurverwaltung<\/b> mitgegr\u00fcndet und <b>geleitet. <\/b> Und er war <b>Obrist<\/b> der \u201eStehweingesellschaft ze Meran\u201c. Die <b>bestand n\u00e4mlich schon<\/b>, als Lentner nach Meran kam. &#8220;<b>Stehwein<\/b>\u201c deshalb, weil die Gesellen vor dem <b>Nachhause-Gehen<\/b>, sozusagen als Wegzehrung, noch einen Schoppen Wein tranken und zwar stehend.<\/p>\n<p lang=\"de-DE\">Und als Lentner ihr beitrat, sorgte er f\u00fcr <b>Ordensfeste<\/b> und scherzhaft-ritterliche <b>Spiele<\/b>. Er zog z.B. mit seinen Gesellen mit gro\u00dfem Gepr\u00e4nge, also mit Trommeln und Fahnen, von Meran zum <b>Schloss Lebenberg<\/b>. Lentner verfasste auch die einmalige \u201e<b>Chronica von dem<\/b> <b>Geschlosse und der Vesten ze Lebenberg<\/b>\u201c.<\/p>\n<p lang=\"de-DE\">Nach dem Tode Lentners 1852 wurde es still um die Stehweingesellschaft. Sie fiel <b>in einen Dornr\u00f6schenschlaf.<\/b><\/p>\n<p lang=\"de-DE\">Auch der gro\u00dfe Reiseschriftsteller <b>Ludwig Steub<\/b>, der \u201eEntdecker Tirols\u201c wie er auch genannt wurde, dachte 1870 bei einem weiteren Besuch Merans etwas wehm\u00fctig an die vergangenen Jahre. Er schrieb: \u201eUnd doch vermisse ich so manches, was ich vor f\u00fcnfundzwanzig Jahren hier gefunden. Die edlen Genossen des Stehweins sind zerstreut und verstorben, <b>Friedrich Lentner,<\/b> mein lieber Freund, liegt auf dem neuen Friedhof an der Passerbr\u00fccke und die sch\u00f6nen Frauen und Fr\u00e4ulein von damals haben sich auch verlaufen\u2026\u201c<\/p>\n<p lang=\"de-DE\">Bis dann <b>1996<\/b> honorige Meraner Herren sich dieser <b>\u201eMeraner Seligkeit\u201c<\/b> erinnerten und den Stehwein wieder belebten.<\/p>\n<p lang=\"de-DE\">Und wie sieht es heute mit dem \u201cStehwein\u201c aus?<\/p>\n<p lang=\"de-DE\">Es gibt <b>20 Stehwein-Gesellen<\/b> (die Begrenzung haben wir uns aus organisatorischen Gr\u00fcnden auferlegt). Erst nach bestandener <b>Klunzen-Probe<\/b> wird man aufgenommen. Diese Probe besteht darin, mit einer 7\/10-Flasche 20 Gl\u00e4ser in einem Durchgang so einzuschenken, dass in jedem Glas gleich viel Wein ist. Und dann noch im Erkennen dreier Weine in Blindverkostung.<\/p>\n<p lang=\"de-DE\">Wir treffen uns an <b>jedem 1. Dienstag des Monats<\/b> in unserem sch\u00f6nen, nach uns benannten Stehweinzimmer auf Schloss Pienzenau.<\/p>\n<p lang=\"de-DE\">Heute ist es so, dass wir zu <b>Beginn der Sitzungen<\/b> \u201estehenden Fu\u00dfes\u201c ein Glas trinken und dann gem\u00fctlich Platz nehmen. Bei normalen Sitzungen tragen wir den <b>blauen Stehwein-Schurz<\/b>, bei festlichen Anl\u00e4ssen den <b>wei\u00dfen<\/b>.<\/p>\n<p lang=\"de-DE\">Wir unternehmen <b>kulturelle<\/b> und den Wein tangierende <b>Ausfl\u00fcge: <\/b>in die <b>Toskana, <\/b>nach <b>Friaul<\/b>, in die Stiftsbibliothek von <b>Neustift<\/b>, zum <b>Pacheraltar<\/b> nach <b>Gries<\/b>, in die <b>Turmstube<\/b> der Pfarrkirche von Mals, zum besonderen <b>Museum des B\u00fcrgermeisters<\/b> von Marling und zu diversen <b>Kellereien, <\/b>um nur einige der Ausfl\u00fcge zu nennen oder <b>Ausritte<\/b> wie es korrekter f\u00fcr diese ritterlich angehauchte Gesellschaft hei\u00dfen sollte.<\/p>\n<p lang=\"de-DE\">Ein Mitglied ist <b>P. Urban Stillhard<\/b> vom Kloster Muri Gries: Er ist ein <b>weinkundiger Stehwein-Geselle <\/b>und<b> <\/b>wacht als <b>geistlicher Beistand<\/b> \u00fcber unser Seelenheil.<\/p>\n<p lang=\"de-DE\">Und auf Schloss Trauttmansdorff ist es uns auch erlaubt, Gast zu sein in der <b>Weinbergh\u00fctte<\/b>, die \u2013 es ist f\u00fcr alle Zeiten in Stein gemei\u00dfelt \u2013 dem Stehwein gewidmet ist.<\/p>\n<p lang=\"de-DE\">Wie sie sehen, erfreut sich der Stehwein nach \u00fcber 170 Jahren <b>bester Gesundheit<\/b>. Und weiteren 170 Jahren steht nichts mehr im Wege.<\/p>\n<p lang=\"de-DE\">Rudi Gamper<\/p>\n","protected":false},"excerpt":{"rendered":"<p>Wer zum ersten Mal die Stehweingesellschaft kontaktiert, dem f\u00e4llt auf, dass z.B. Helmut K\u00f6cher als Obmann von den 19 Mitgliedern der Gesellschaft nicht mit \u201eObmann\u201c oder \u201eVorsitzender\u201c angesprochen wird, sondern mit \u201eObrist\u201c. Eine Bezeichnung, die zugegebenerma\u00dfen etwas sonderbar klingt. Der Chronist hei\u00dft bei uns \u201eFeldschreiber\u201c und die Mitglieder sind \u201eGesellen\u201c. Auch einen \u201eWeingrafen\u201c haben wir<\/p>\n<p><span class=\"xf__dots\">&#8230;<\/span><a class=\"xf__more xf__button\" href=\"https:\/\/stehwein.com\/index.php\/geschichte\/\">weiterlesen<\/a><\/p>\n","protected":false},"author":1,"featured_media":0,"parent":0,"menu_order":0,"comment_status":"closed","ping_status":"closed","template":"","meta":{"ngg_post_thumbnail":0,"footnotes":""},"class_list":["post-36","page","type-page","status-publish","hentry","xf__entry"],"yoast_head":"<!-- This site is optimized with the Yoast SEO plugin v25.6 - https:\/\/yoast.com\/wordpress\/plugins\/seo\/ -->\n<title>Geschichte - Stehwein<\/title>\n<meta name=\"robots\" content=\"index, follow, max-snippet:-1, max-image-preview:large, max-video-preview:-1\" \/>\n<link rel=\"canonical\" href=\"https:\/\/stehwein.com\/index.php\/geschichte\/\" \/>\n<meta property=\"og:locale\" content=\"de_DE\" \/>\n<meta property=\"og:type\" content=\"article\" \/>\n<meta property=\"og:title\" content=\"Geschichte - Stehwein\" \/>\n<meta property=\"og:description\" content=\"Wer zum ersten Mal die Stehweingesellschaft kontaktiert, dem f\u00e4llt auf, dass z.B. Helmut K\u00f6cher als Obmann von den 19 Mitgliedern der Gesellschaft nicht mit \u201eObmann\u201c oder \u201eVorsitzender\u201c angesprochen wird, sondern mit \u201eObrist\u201c. Eine Bezeichnung, die zugegebenerma\u00dfen etwas sonderbar klingt. Der Chronist hei\u00dft bei uns \u201eFeldschreiber\u201c und die Mitglieder sind \u201eGesellen\u201c. Auch einen \u201eWeingrafen\u201c haben wir...weiterlesen\" \/>\n<meta property=\"og:url\" content=\"https:\/\/stehwein.com\/index.php\/geschichte\/\" \/>\n<meta property=\"og:site_name\" content=\"Stehwein\" \/>\n<meta property=\"article:modified_time\" content=\"2019-11-04T16:54:57+00:00\" \/>\n<meta name=\"twitter:card\" content=\"summary_large_image\" \/>\n<meta name=\"twitter:label1\" content=\"Gesch\u00e4tzte Lesezeit\" \/>\n\t<meta name=\"twitter:data1\" content=\"4\u00a0Minuten\" \/>\n<script type=\"application\/ld+json\" class=\"yoast-schema-graph\">{\"@context\":\"https:\/\/schema.org\",\"@graph\":[{\"@type\":\"WebPage\",\"@id\":\"https:\/\/stehwein.com\/index.php\/geschichte\/\",\"url\":\"https:\/\/stehwein.com\/index.php\/geschichte\/\",\"name\":\"Geschichte - Stehwein\",\"isPartOf\":{\"@id\":\"https:\/\/stehwein.com\/#website\"},\"datePublished\":\"2018-07-03T05:48:02+00:00\",\"dateModified\":\"2019-11-04T16:54:57+00:00\",\"breadcrumb\":{\"@id\":\"https:\/\/stehwein.com\/index.php\/geschichte\/#breadcrumb\"},\"inLanguage\":\"de\",\"potentialAction\":[{\"@type\":\"ReadAction\",\"target\":[\"https:\/\/stehwein.com\/index.php\/geschichte\/\"]}]},{\"@type\":\"BreadcrumbList\",\"@id\":\"https:\/\/stehwein.com\/index.php\/geschichte\/#breadcrumb\",\"itemListElement\":[{\"@type\":\"ListItem\",\"position\":1,\"name\":\"Startseite\",\"item\":\"https:\/\/stehwein.com\/\"},{\"@type\":\"ListItem\",\"position\":2,\"name\":\"Geschichte\"}]},{\"@type\":\"WebSite\",\"@id\":\"https:\/\/stehwein.com\/#website\",\"url\":\"https:\/\/stehwein.com\/\",\"name\":\"Stehwein\",\"description\":\"Seit 1842 in Meran\",\"publisher\":{\"@id\":\"https:\/\/stehwein.com\/#organization\"},\"potentialAction\":[{\"@type\":\"SearchAction\",\"target\":{\"@type\":\"EntryPoint\",\"urlTemplate\":\"https:\/\/stehwein.com\/?s={search_term_string}\"},\"query-input\":{\"@type\":\"PropertyValueSpecification\",\"valueRequired\":true,\"valueName\":\"search_term_string\"}}],\"inLanguage\":\"de\"},{\"@type\":\"Organization\",\"@id\":\"https:\/\/stehwein.com\/#organization\",\"name\":\"Stehwein Meran\",\"url\":\"https:\/\/stehwein.com\/\",\"logo\":{\"@type\":\"ImageObject\",\"inLanguage\":\"de\",\"@id\":\"https:\/\/stehwein.com\/#\/schema\/logo\/image\/\",\"url\":\"https:\/\/i1.wp.com\/stehwein.com\/wp-content\/uploads\/2018\/11\/cropped-logo-1.png?fit=200%2C200&ssl=1\",\"contentUrl\":\"https:\/\/i1.wp.com\/stehwein.com\/wp-content\/uploads\/2018\/11\/cropped-logo-1.png?fit=200%2C200&ssl=1\",\"width\":200,\"height\":200,\"caption\":\"Stehwein Meran\"},\"image\":{\"@id\":\"https:\/\/stehwein.com\/#\/schema\/logo\/image\/\"}}]}<\/script>\n<!-- \/ Yoast SEO plugin. -->","yoast_head_json":{"title":"Geschichte - Stehwein","robots":{"index":"index","follow":"follow","max-snippet":"max-snippet:-1","max-image-preview":"max-image-preview:large","max-video-preview":"max-video-preview:-1"},"canonical":"https:\/\/stehwein.com\/index.php\/geschichte\/","og_locale":"de_DE","og_type":"article","og_title":"Geschichte - Stehwein","og_description":"Wer zum ersten Mal die Stehweingesellschaft kontaktiert, dem f\u00e4llt auf, dass z.B. Helmut K\u00f6cher als Obmann von den 19 Mitgliedern der Gesellschaft nicht mit \u201eObmann\u201c oder \u201eVorsitzender\u201c angesprochen wird, sondern mit \u201eObrist\u201c. Eine Bezeichnung, die zugegebenerma\u00dfen etwas sonderbar klingt. Der Chronist hei\u00dft bei uns \u201eFeldschreiber\u201c und die Mitglieder sind \u201eGesellen\u201c. Auch einen \u201eWeingrafen\u201c haben wir...weiterlesen","og_url":"https:\/\/stehwein.com\/index.php\/geschichte\/","og_site_name":"Stehwein","article_modified_time":"2019-11-04T16:54:57+00:00","twitter_card":"summary_large_image","twitter_misc":{"Gesch\u00e4tzte Lesezeit":"4\u00a0Minuten"},"schema":{"@context":"https:\/\/schema.org","@graph":[{"@type":"WebPage","@id":"https:\/\/stehwein.com\/index.php\/geschichte\/","url":"https:\/\/stehwein.com\/index.php\/geschichte\/","name":"Geschichte - Stehwein","isPartOf":{"@id":"https:\/\/stehwein.com\/#website"},"datePublished":"2018-07-03T05:48:02+00:00","dateModified":"2019-11-04T16:54:57+00:00","breadcrumb":{"@id":"https:\/\/stehwein.com\/index.php\/geschichte\/#breadcrumb"},"inLanguage":"de","potentialAction":[{"@type":"ReadAction","target":["https:\/\/stehwein.com\/index.php\/geschichte\/"]}]},{"@type":"BreadcrumbList","@id":"https:\/\/stehwein.com\/index.php\/geschichte\/#breadcrumb","itemListElement":[{"@type":"ListItem","position":1,"name":"Startseite","item":"https:\/\/stehwein.com\/"},{"@type":"ListItem","position":2,"name":"Geschichte"}]},{"@type":"WebSite","@id":"https:\/\/stehwein.com\/#website","url":"https:\/\/stehwein.com\/","name":"Stehwein","description":"Seit 1842 in Meran","publisher":{"@id":"https:\/\/stehwein.com\/#organization"},"potentialAction":[{"@type":"SearchAction","target":{"@type":"EntryPoint","urlTemplate":"https:\/\/stehwein.com\/?s={search_term_string}"},"query-input":{"@type":"PropertyValueSpecification","valueRequired":true,"valueName":"search_term_string"}}],"inLanguage":"de"},{"@type":"Organization","@id":"https:\/\/stehwein.com\/#organization","name":"Stehwein Meran","url":"https:\/\/stehwein.com\/","logo":{"@type":"ImageObject","inLanguage":"de","@id":"https:\/\/stehwein.com\/#\/schema\/logo\/image\/","url":"https:\/\/i1.wp.com\/stehwein.com\/wp-content\/uploads\/2018\/11\/cropped-logo-1.png?fit=200%2C200&ssl=1","contentUrl":"https:\/\/i1.wp.com\/stehwein.com\/wp-content\/uploads\/2018\/11\/cropped-logo-1.png?fit=200%2C200&ssl=1","width":200,"height":200,"caption":"Stehwein Meran"},"image":{"@id":"https:\/\/stehwein.com\/#\/schema\/logo\/image\/"}}]}},"jetpack_sharing_enabled":true,"_links":{"self":[{"href":"https:\/\/stehwein.com\/index.php\/wp-json\/wp\/v2\/pages\/36"}],"collection":[{"href":"https:\/\/stehwein.com\/index.php\/wp-json\/wp\/v2\/pages"}],"about":[{"href":"https:\/\/stehwein.com\/index.php\/wp-json\/wp\/v2\/types\/page"}],"author":[{"embeddable":true,"href":"https:\/\/stehwein.com\/index.php\/wp-json\/wp\/v2\/users\/1"}],"replies":[{"embeddable":true,"href":"https:\/\/stehwein.com\/index.php\/wp-json\/wp\/v2\/comments?post=36"}],"version-history":[{"count":4,"href":"https:\/\/stehwein.com\/index.php\/wp-json\/wp\/v2\/pages\/36\/revisions"}],"predecessor-version":[{"id":204,"href":"https:\/\/stehwein.com\/index.php\/wp-json\/wp\/v2\/pages\/36\/revisions\/204"}],"wp:attachment":[{"href":"https:\/\/stehwein.com\/index.php\/wp-json\/wp\/v2\/media?parent=36"}],"curies":[{"name":"wp","href":"https:\/\/api.w.org\/{rel}","templated":true}]}}