{"id":23,"date":"2018-07-03T07:30:09","date_gmt":"2018-07-03T05:30:09","guid":{"rendered":"https:\/\/stehwein.com\/?page_id=23"},"modified":"2019-11-04T17:50:56","modified_gmt":"2019-11-04T16:50:56","slug":"test","status":"publish","type":"page","link":"https:\/\/stehwein.com\/","title":{"rendered":"Home"},"content":{"rendered":"<div class=\"n2-has-copy n2-code n2-ss-slider-shortcode-id\"><\/div>\n<p>Wer zum ersten Mal Kontakt zur Stehweingesellschaft aufnimmt, dem fallen die sonderbaren Bezeichnungen auf: Der Obmann hei\u00dft &#8220;Obrist&#8221;, der Chronist &#8220;Feldschreiber&#8221; usw. und korrekt hei\u00dft es nicht \u201eStehwein zu Meran\u201c, sondern \u201eze Meran\u201c.<\/p>\n<p>Das alles deutet auf ein gewisses Alter dieser Wein- und M\u00e4nnergilde hin \u2013 n\u00e4mlich auf das Jahr 1842. Meran hatte damals zwar nur 3.000 Einwohner, aber daf\u00fcr einen recht ansehnlichen Fremdenverkehr, und auch das geistige und gesellschaftliche Leben konnte sich sehen lassen. Und musste man in Bozen noch die Auflagen der 8 Seligkeiten erf\u00fcllen, um zu den echten Boznern gez\u00e4hlt zu werden, so gab es in Meran als Pendant die Stehweingesellschaft.&nbsp;&nbsp;<\/p>\n<p><img data-recalc-dims=\"1\" fetchpriority=\"high\" decoding=\"async\" class=\"aligncenter\" src=\"https:\/\/i0.wp.com\/stehwein.com\/wp-content\/uploads\/2018\/11\/DSC3569.jpg?resize=945%2C628&#038;ssl=1\" sizes=\"(max-width: 945px) 100vw, 945px\" srcset=\"https:\/\/stehwein.com\/wp-content\/uploads\/2018\/11\/DSC3569.jpg 945w, https:\/\/stehwein.com\/wp-content\/uploads\/2018\/11\/DSC3569-300x199.jpg 300w, https:\/\/stehwein.com\/wp-content\/uploads\/2018\/11\/DSC3569-768x510.jpg 768w\" alt=\"\" width=\"945\" height=\"628\"><\/p>\n<p>Und eben in diesem Jahr 1842 kam ein M\u00fcnchner zur Kur nach Meran, der die Passerstadt mit einer F\u00fclle von Initiativen und Ideen zum Bl\u00fchen bringen sollte: Der 28-j\u00e4hrige Literat und Journalist Josef Friedrich Lentner. Er hat die Meraner Kurverwaltung mitgegr\u00fcndet und geleitet. Und er war Obrist der \u201eStehweingesellschaft ze Meran\u201c. &#8220;Stehwein\u201c deshalb, weil fr\u00fcher die Gesellen vor dem Nachhause-Gehen noch einen Schoppen Wein stehend tranken. Lentner sorgte f\u00fcr Ordensfeste und scherzhaft-ritterliche Spiele und zog immer wieder mit Trommeln und Fahnen zum Schloss Lebenberg. Lentner verfasste auch die einmalige \u201eChronica von dem Geschlosse und der Vesten ze Lebenberg\u201c.<\/p>\n<figure>\n<p><figure style=\"width: 200px\" class=\"wp-caption aligncenter\"><img data-recalc-dims=\"1\" decoding=\"async\" src=\"https:\/\/i0.wp.com\/stehwein.com\/wp-content\/uploads\/2018\/11\/joseflentner_200.jpg?resize=200%2C252&#038;ssl=1\" alt=\"Josef Friedrich Lentner\" width=\"200\" height=\"252\"><figcaption class=\"wp-caption-text\">Josef Friedrich Lentner<\/figcaption><\/figure><\/figure>\n<p>Nach dem Tode Lentners 1852 wurde es still um die Stehweingesellschaft. Bis dann 1996 honorige Meraner Herren sich dieser \u201eMeraner Seligkeit\u201c erinnerten und den Stehwein wieder belebten.<\/p>\n<p>Heute gibt es 20 Stehwein-Gesellen (die Begrenzung haben wir uns aus organisatorischen Gr\u00fcnden auferlegt). Wir treffen uns an jedem 1. Dienstag des Monats im nach uns benannten Stehweinzimmer auf Schloss Pienzenau. Zu Beginn der Sitzung trinken wir \u201estehenden Fu\u00dfes\u201c ein Glas und nehmen dann gem\u00fctlich Platz.<\/p>\n<p>Wir unternehmen kulturelle und den Wein tangierende Ausfl\u00fcge: in die Toskana, nach Friaul, ins Kloster Neustift, zum Pacheraltar nach Gries, in die Turmstube der Pfarrkirche von Mals, zu diversen Kellereien\u2026Und auf Schloss Trauttmansdorff d\u00fcrfen wir Gast sein in der dem Stehwein gewidmeten Weinbergh\u00fctte.<\/p>\n<p>Nach \u00fcber 170 Jahren erfreut sich der Stehwein bester Gesundheit. Und weiteren 170 Jahren steht nichts mehr im Wege.<\/p>\n","protected":false},"excerpt":{"rendered":"<p>Wer zum ersten Mal Kontakt zur Stehweingesellschaft aufnimmt, dem fallen die sonderbaren Bezeichnungen auf: Der Obmann hei\u00dft &#8220;Obrist&#8221;, der Chronist &#8220;Feldschreiber&#8221; usw. und korrekt hei\u00dft es nicht \u201eStehwein zu Meran\u201c, sondern \u201eze Meran\u201c. Das alles deutet auf ein gewisses Alter dieser Wein- und M\u00e4nnergilde hin \u2013 n\u00e4mlich auf das Jahr 1842. Meran hatte damals zwar<\/p>\n<p><span class=\"xf__dots\">&#8230;<\/span><a class=\"xf__more xf__button\" href=\"https:\/\/stehwein.com\/\">weiterlesen<\/a><\/p>\n","protected":false},"author":1,"featured_media":6,"parent":0,"menu_order":0,"comment_status":"closed","ping_status":"closed","template":"elementor_header_footer","meta":{"ngg_post_thumbnail":0,"footnotes":""},"class_list":["post-23","page","type-page","status-publish","has-post-thumbnail","hentry","xf__entry"],"yoast_head":"<!-- This site is optimized with the Yoast SEO plugin v25.6 - https:\/\/yoast.com\/wordpress\/plugins\/seo\/ -->\n<title>Home - Stehwein<\/title>\n<meta name=\"robots\" content=\"index, follow, max-snippet:-1, max-image-preview:large, max-video-preview:-1\" \/>\n<link rel=\"canonical\" href=\"https:\/\/stehwein.com\/\" \/>\n<meta property=\"og:locale\" content=\"de_DE\" \/>\n<meta property=\"og:type\" content=\"article\" \/>\n<meta property=\"og:title\" content=\"Home - Stehwein\" \/>\n<meta property=\"og:description\" content=\"Wer zum ersten Mal Kontakt zur Stehweingesellschaft aufnimmt, dem fallen die sonderbaren Bezeichnungen auf: Der Obmann hei\u00dft &#8220;Obrist&#8221;, der Chronist &#8220;Feldschreiber&#8221; usw. und korrekt hei\u00dft es nicht \u201eStehwein zu Meran\u201c, sondern \u201eze Meran\u201c. Das alles deutet auf ein gewisses Alter dieser Wein- und M\u00e4nnergilde hin \u2013 n\u00e4mlich auf das Jahr 1842. Meran hatte damals zwar...weiterlesen\" \/>\n<meta property=\"og:url\" content=\"https:\/\/stehwein.com\/\" \/>\n<meta property=\"og:site_name\" content=\"Stehwein\" \/>\n<meta property=\"article:modified_time\" content=\"2019-11-04T16:50:56+00:00\" \/>\n<meta property=\"og:image\" content=\"https:\/\/i2.wp.com\/stehwein.com\/wp-content\/uploads\/2018\/07\/stehw-logo.jpg?fit=934%2C381&ssl=1\" \/>\n\t<meta property=\"og:image:width\" content=\"934\" \/>\n\t<meta property=\"og:image:height\" content=\"381\" \/>\n\t<meta property=\"og:image:type\" content=\"image\/jpeg\" \/>\n<meta name=\"twitter:card\" content=\"summary_large_image\" \/>\n<meta name=\"twitter:label1\" content=\"Gesch\u00e4tzte Lesezeit\" \/>\n\t<meta name=\"twitter:data1\" content=\"2\u00a0Minuten\" \/>\n<script type=\"application\/ld+json\" class=\"yoast-schema-graph\">{\"@context\":\"https:\/\/schema.org\",\"@graph\":[{\"@type\":\"WebPage\",\"@id\":\"https:\/\/stehwein.com\/\",\"url\":\"https:\/\/stehwein.com\/\",\"name\":\"Home - Stehwein\",\"isPartOf\":{\"@id\":\"https:\/\/stehwein.com\/#website\"},\"primaryImageOfPage\":{\"@id\":\"https:\/\/stehwein.com\/#primaryimage\"},\"image\":{\"@id\":\"https:\/\/stehwein.com\/#primaryimage\"},\"thumbnailUrl\":\"https:\/\/i0.wp.com\/stehwein.com\/wp-content\/uploads\/2018\/07\/stehw-logo.jpg?fit=934%2C381&ssl=1\",\"datePublished\":\"2018-07-03T05:30:09+00:00\",\"dateModified\":\"2019-11-04T16:50:56+00:00\",\"breadcrumb\":{\"@id\":\"https:\/\/stehwein.com\/#breadcrumb\"},\"inLanguage\":\"de\",\"potentialAction\":[{\"@type\":\"ReadAction\",\"target\":[\"https:\/\/stehwein.com\/\"]}]},{\"@type\":\"ImageObject\",\"inLanguage\":\"de\",\"@id\":\"https:\/\/stehwein.com\/#primaryimage\",\"url\":\"https:\/\/i0.wp.com\/stehwein.com\/wp-content\/uploads\/2018\/07\/stehw-logo.jpg?fit=934%2C381&ssl=1\",\"contentUrl\":\"https:\/\/i0.wp.com\/stehwein.com\/wp-content\/uploads\/2018\/07\/stehw-logo.jpg?fit=934%2C381&ssl=1\",\"width\":934,\"height\":381},{\"@type\":\"BreadcrumbList\",\"@id\":\"https:\/\/stehwein.com\/#breadcrumb\",\"itemListElement\":[{\"@type\":\"ListItem\",\"position\":1,\"name\":\"Startseite\",\"item\":\"https:\/\/stehwein.com\/\"},{\"@type\":\"ListItem\",\"position\":2,\"name\":\"Home\"}]},{\"@type\":\"WebSite\",\"@id\":\"https:\/\/stehwein.com\/#website\",\"url\":\"https:\/\/stehwein.com\/\",\"name\":\"Stehwein\",\"description\":\"Seit 1842 in Meran\",\"publisher\":{\"@id\":\"https:\/\/stehwein.com\/#organization\"},\"potentialAction\":[{\"@type\":\"SearchAction\",\"target\":{\"@type\":\"EntryPoint\",\"urlTemplate\":\"https:\/\/stehwein.com\/?s={search_term_string}\"},\"query-input\":{\"@type\":\"PropertyValueSpecification\",\"valueRequired\":true,\"valueName\":\"search_term_string\"}}],\"inLanguage\":\"de\"},{\"@type\":\"Organization\",\"@id\":\"https:\/\/stehwein.com\/#organization\",\"name\":\"Stehwein Meran\",\"url\":\"https:\/\/stehwein.com\/\",\"logo\":{\"@type\":\"ImageObject\",\"inLanguage\":\"de\",\"@id\":\"https:\/\/stehwein.com\/#\/schema\/logo\/image\/\",\"url\":\"https:\/\/i1.wp.com\/stehwein.com\/wp-content\/uploads\/2018\/11\/cropped-logo-1.png?fit=200%2C200&ssl=1\",\"contentUrl\":\"https:\/\/i1.wp.com\/stehwein.com\/wp-content\/uploads\/2018\/11\/cropped-logo-1.png?fit=200%2C200&ssl=1\",\"width\":200,\"height\":200,\"caption\":\"Stehwein Meran\"},\"image\":{\"@id\":\"https:\/\/stehwein.com\/#\/schema\/logo\/image\/\"}}]}<\/script>\n<!-- \/ Yoast SEO plugin. -->","yoast_head_json":{"title":"Home - Stehwein","robots":{"index":"index","follow":"follow","max-snippet":"max-snippet:-1","max-image-preview":"max-image-preview:large","max-video-preview":"max-video-preview:-1"},"canonical":"https:\/\/stehwein.com\/","og_locale":"de_DE","og_type":"article","og_title":"Home - Stehwein","og_description":"Wer zum ersten Mal Kontakt zur Stehweingesellschaft aufnimmt, dem fallen die sonderbaren Bezeichnungen auf: Der Obmann hei\u00dft &#8220;Obrist&#8221;, der Chronist &#8220;Feldschreiber&#8221; usw. und korrekt hei\u00dft es nicht \u201eStehwein zu Meran\u201c, sondern \u201eze Meran\u201c. Das alles deutet auf ein gewisses Alter dieser Wein- und M\u00e4nnergilde hin \u2013 n\u00e4mlich auf das Jahr 1842. Meran hatte damals zwar...weiterlesen","og_url":"https:\/\/stehwein.com\/","og_site_name":"Stehwein","article_modified_time":"2019-11-04T16:50:56+00:00","og_image":[{"width":934,"height":381,"url":"https:\/\/i2.wp.com\/stehwein.com\/wp-content\/uploads\/2018\/07\/stehw-logo.jpg?fit=934%2C381&ssl=1","type":"image\/jpeg"}],"twitter_card":"summary_large_image","twitter_misc":{"Gesch\u00e4tzte Lesezeit":"2\u00a0Minuten"},"schema":{"@context":"https:\/\/schema.org","@graph":[{"@type":"WebPage","@id":"https:\/\/stehwein.com\/","url":"https:\/\/stehwein.com\/","name":"Home - Stehwein","isPartOf":{"@id":"https:\/\/stehwein.com\/#website"},"primaryImageOfPage":{"@id":"https:\/\/stehwein.com\/#primaryimage"},"image":{"@id":"https:\/\/stehwein.com\/#primaryimage"},"thumbnailUrl":"https:\/\/i0.wp.com\/stehwein.com\/wp-content\/uploads\/2018\/07\/stehw-logo.jpg?fit=934%2C381&ssl=1","datePublished":"2018-07-03T05:30:09+00:00","dateModified":"2019-11-04T16:50:56+00:00","breadcrumb":{"@id":"https:\/\/stehwein.com\/#breadcrumb"},"inLanguage":"de","potentialAction":[{"@type":"ReadAction","target":["https:\/\/stehwein.com\/"]}]},{"@type":"ImageObject","inLanguage":"de","@id":"https:\/\/stehwein.com\/#primaryimage","url":"https:\/\/i0.wp.com\/stehwein.com\/wp-content\/uploads\/2018\/07\/stehw-logo.jpg?fit=934%2C381&ssl=1","contentUrl":"https:\/\/i0.wp.com\/stehwein.com\/wp-content\/uploads\/2018\/07\/stehw-logo.jpg?fit=934%2C381&ssl=1","width":934,"height":381},{"@type":"BreadcrumbList","@id":"https:\/\/stehwein.com\/#breadcrumb","itemListElement":[{"@type":"ListItem","position":1,"name":"Startseite","item":"https:\/\/stehwein.com\/"},{"@type":"ListItem","position":2,"name":"Home"}]},{"@type":"WebSite","@id":"https:\/\/stehwein.com\/#website","url":"https:\/\/stehwein.com\/","name":"Stehwein","description":"Seit 1842 in Meran","publisher":{"@id":"https:\/\/stehwein.com\/#organization"},"potentialAction":[{"@type":"SearchAction","target":{"@type":"EntryPoint","urlTemplate":"https:\/\/stehwein.com\/?s={search_term_string}"},"query-input":{"@type":"PropertyValueSpecification","valueRequired":true,"valueName":"search_term_string"}}],"inLanguage":"de"},{"@type":"Organization","@id":"https:\/\/stehwein.com\/#organization","name":"Stehwein Meran","url":"https:\/\/stehwein.com\/","logo":{"@type":"ImageObject","inLanguage":"de","@id":"https:\/\/stehwein.com\/#\/schema\/logo\/image\/","url":"https:\/\/i1.wp.com\/stehwein.com\/wp-content\/uploads\/2018\/11\/cropped-logo-1.png?fit=200%2C200&ssl=1","contentUrl":"https:\/\/i1.wp.com\/stehwein.com\/wp-content\/uploads\/2018\/11\/cropped-logo-1.png?fit=200%2C200&ssl=1","width":200,"height":200,"caption":"Stehwein Meran"},"image":{"@id":"https:\/\/stehwein.com\/#\/schema\/logo\/image\/"}}]}},"jetpack_sharing_enabled":true,"_links":{"self":[{"href":"https:\/\/stehwein.com\/index.php\/wp-json\/wp\/v2\/pages\/23"}],"collection":[{"href":"https:\/\/stehwein.com\/index.php\/wp-json\/wp\/v2\/pages"}],"about":[{"href":"https:\/\/stehwein.com\/index.php\/wp-json\/wp\/v2\/types\/page"}],"author":[{"embeddable":true,"href":"https:\/\/stehwein.com\/index.php\/wp-json\/wp\/v2\/users\/1"}],"replies":[{"embeddable":true,"href":"https:\/\/stehwein.com\/index.php\/wp-json\/wp\/v2\/comments?post=23"}],"version-history":[{"count":11,"href":"https:\/\/stehwein.com\/index.php\/wp-json\/wp\/v2\/pages\/23\/revisions"}],"predecessor-version":[{"id":202,"href":"https:\/\/stehwein.com\/index.php\/wp-json\/wp\/v2\/pages\/23\/revisions\/202"}],"wp:featuredmedia":[{"embeddable":true,"href":"https:\/\/stehwein.com\/index.php\/wp-json\/wp\/v2\/media\/6"}],"wp:attachment":[{"href":"https:\/\/stehwein.com\/index.php\/wp-json\/wp\/v2\/media?parent=23"}],"curies":[{"name":"wp","href":"https:\/\/api.w.org\/{rel}","templated":true}]}}