{"id":138,"date":"2019-07-17T17:12:04","date_gmt":"2019-07-17T15:12:04","guid":{"rendered":"https:\/\/stehwein.com\/?page_id=138"},"modified":"2019-11-04T18:00:58","modified_gmt":"2019-11-04T17:00:58","slug":"italiano","status":"publish","type":"page","link":"https:\/\/stehwein.com\/index.php\/italiano\/","title":{"rendered":"Italiano"},"content":{"rendered":"\n<p style=\"text-align:justify\">La Stehwein (da stehen &#8211; stare in piedi e Wein -Vino) \u00e8 un sodalizio che risale alla met\u00e0 dell&#8217;ottocento, esattamente al 1842. <br> Merano contava a quel tempo appena 3.000 abitanti, ma poteva gi\u00e0 vantare un discreto movimento turistico, favorito soprattutto dalla salubrit\u00e0 del suo clima, ed anche la vita sociale e culturale era piuttosto vivace. <br> Appunto nel 1842 giunse a Merano,  per motivi di salute, un cittadino di Monaco di Baviera, Josef Friedrich Lentner, che subito moviment\u00f2 la vita cittadina con una serie di iniziative ed idee.<br> Il ventottenne giornalista e letterato Lentner  contribu\u00ec alla istituzione dell&#8217;Azienda di soggiorno che poi ha anche diretto. E fu anche a capo della Stehweingesellschaft, chiamata cos\u00ec perche originariamente i sodali, prima di tornare a casa, erano soliti bere ancora un bicchiere in piedi.<br> Lentner si attiv\u00f2 organizzando feste, cortei folcloristici, tornei pseudocavallereschi ed inoltre redasse la straordinaria \u201ecronaca del castello di Lebenberg\u201c.<br> Dopo la sua morte cess\u00f2 anche l&#8217;attivit\u00e0 della Stehwein fino a quando nel 1996 alcuni personaggi meranesi rivitalizzarono questo sodalizio.<br> Oggi la Stehweingesellschaft  conta venti soci (la limitazione del numero \u00e8 dovuta a motivi organizzativi), che si incontrano ogni primo marted\u00ec del mese in una saletta dedicata del castello Pienzenau. <br> Vengono organizzate visite culturali e gite di carattere enologico: in Toscana, nel Friuli, a Novacella, nella chiesa di Gries (altare di Pacher) ecc., e nei Giardini di Trauttmansdorff dove \u00e8 stata dedicata una grotta alla Stehwein.<br> Dopo 170 anni pertanto, la Stehwein gode ancora di ottima salute e si spera che ci\u00f2 valga anche per i prossimi.<\/p>\n","protected":false},"excerpt":{"rendered":"<p>La Stehwein (da stehen &#8211; stare in piedi e Wein -Vino) \u00e8 un sodalizio che risale alla met\u00e0 dell&#8217;ottocento, esattamente al 1842. Merano contava a quel tempo appena 3.000 abitanti, ma poteva gi\u00e0 vantare un discreto movimento turistico, favorito soprattutto dalla salubrit\u00e0 del suo clima, ed anche la vita sociale e culturale era piuttosto vivace.<\/p>\n<p><span class=\"xf__dots\">&#8230;<\/span><a class=\"xf__more xf__button\" href=\"https:\/\/stehwein.com\/index.php\/italiano\/\">weiterlesen<\/a><\/p>\n","protected":false},"author":1,"featured_media":0,"parent":0,"menu_order":0,"comment_status":"closed","ping_status":"closed","template":"","meta":{"ngg_post_thumbnail":0,"footnotes":""},"class_list":["post-138","page","type-page","status-publish","hentry","xf__entry"],"yoast_head":"<!-- This site is optimized with the Yoast SEO plugin v25.6 - https:\/\/yoast.com\/wordpress\/plugins\/seo\/ -->\n<title>Italiano - Stehwein<\/title>\n<meta name=\"robots\" content=\"index, follow, max-snippet:-1, max-image-preview:large, max-video-preview:-1\" \/>\n<link rel=\"canonical\" href=\"https:\/\/stehwein.com\/index.php\/italiano\/\" \/>\n<meta property=\"og:locale\" content=\"de_DE\" \/>\n<meta property=\"og:type\" content=\"article\" \/>\n<meta property=\"og:title\" content=\"Italiano - Stehwein\" \/>\n<meta property=\"og:description\" content=\"La Stehwein (da stehen &#8211; stare in piedi e Wein -Vino) \u00e8 un sodalizio che risale alla met\u00e0 dell&#8217;ottocento, esattamente al 1842. Merano contava a quel tempo appena 3.000 abitanti, ma poteva gi\u00e0 vantare un discreto movimento turistico, favorito soprattutto dalla salubrit\u00e0 del suo clima, ed anche la vita sociale e culturale era piuttosto vivace....weiterlesen\" \/>\n<meta property=\"og:url\" content=\"https:\/\/stehwein.com\/index.php\/italiano\/\" \/>\n<meta property=\"og:site_name\" content=\"Stehwein\" \/>\n<meta property=\"article:modified_time\" content=\"2019-11-04T17:00:58+00:00\" \/>\n<meta name=\"twitter:card\" content=\"summary_large_image\" \/>\n<meta name=\"twitter:label1\" content=\"Gesch\u00e4tzte Lesezeit\" \/>\n\t<meta name=\"twitter:data1\" content=\"1\u00a0Minute\" \/>\n<script type=\"application\/ld+json\" class=\"yoast-schema-graph\">{\"@context\":\"https:\/\/schema.org\",\"@graph\":[{\"@type\":\"WebPage\",\"@id\":\"https:\/\/stehwein.com\/index.php\/italiano\/\",\"url\":\"https:\/\/stehwein.com\/index.php\/italiano\/\",\"name\":\"Italiano - Stehwein\",\"isPartOf\":{\"@id\":\"https:\/\/stehwein.com\/#website\"},\"datePublished\":\"2019-07-17T15:12:04+00:00\",\"dateModified\":\"2019-11-04T17:00:58+00:00\",\"breadcrumb\":{\"@id\":\"https:\/\/stehwein.com\/index.php\/italiano\/#breadcrumb\"},\"inLanguage\":\"de\",\"potentialAction\":[{\"@type\":\"ReadAction\",\"target\":[\"https:\/\/stehwein.com\/index.php\/italiano\/\"]}]},{\"@type\":\"BreadcrumbList\",\"@id\":\"https:\/\/stehwein.com\/index.php\/italiano\/#breadcrumb\",\"itemListElement\":[{\"@type\":\"ListItem\",\"position\":1,\"name\":\"Startseite\",\"item\":\"https:\/\/stehwein.com\/\"},{\"@type\":\"ListItem\",\"position\":2,\"name\":\"Italiano\"}]},{\"@type\":\"WebSite\",\"@id\":\"https:\/\/stehwein.com\/#website\",\"url\":\"https:\/\/stehwein.com\/\",\"name\":\"Stehwein\",\"description\":\"Seit 1842 in Meran\",\"publisher\":{\"@id\":\"https:\/\/stehwein.com\/#organization\"},\"potentialAction\":[{\"@type\":\"SearchAction\",\"target\":{\"@type\":\"EntryPoint\",\"urlTemplate\":\"https:\/\/stehwein.com\/?s={search_term_string}\"},\"query-input\":{\"@type\":\"PropertyValueSpecification\",\"valueRequired\":true,\"valueName\":\"search_term_string\"}}],\"inLanguage\":\"de\"},{\"@type\":\"Organization\",\"@id\":\"https:\/\/stehwein.com\/#organization\",\"name\":\"Stehwein Meran\",\"url\":\"https:\/\/stehwein.com\/\",\"logo\":{\"@type\":\"ImageObject\",\"inLanguage\":\"de\",\"@id\":\"https:\/\/stehwein.com\/#\/schema\/logo\/image\/\",\"url\":\"https:\/\/i1.wp.com\/stehwein.com\/wp-content\/uploads\/2018\/11\/cropped-logo-1.png?fit=200%2C200&ssl=1\",\"contentUrl\":\"https:\/\/i1.wp.com\/stehwein.com\/wp-content\/uploads\/2018\/11\/cropped-logo-1.png?fit=200%2C200&ssl=1\",\"width\":200,\"height\":200,\"caption\":\"Stehwein Meran\"},\"image\":{\"@id\":\"https:\/\/stehwein.com\/#\/schema\/logo\/image\/\"}}]}<\/script>\n<!-- \/ Yoast SEO plugin. -->","yoast_head_json":{"title":"Italiano - Stehwein","robots":{"index":"index","follow":"follow","max-snippet":"max-snippet:-1","max-image-preview":"max-image-preview:large","max-video-preview":"max-video-preview:-1"},"canonical":"https:\/\/stehwein.com\/index.php\/italiano\/","og_locale":"de_DE","og_type":"article","og_title":"Italiano - Stehwein","og_description":"La Stehwein (da stehen &#8211; stare in piedi e Wein -Vino) \u00e8 un sodalizio che risale alla met\u00e0 dell&#8217;ottocento, esattamente al 1842. Merano contava a quel tempo appena 3.000 abitanti, ma poteva gi\u00e0 vantare un discreto movimento turistico, favorito soprattutto dalla salubrit\u00e0 del suo clima, ed anche la vita sociale e culturale era piuttosto vivace....weiterlesen","og_url":"https:\/\/stehwein.com\/index.php\/italiano\/","og_site_name":"Stehwein","article_modified_time":"2019-11-04T17:00:58+00:00","twitter_card":"summary_large_image","twitter_misc":{"Gesch\u00e4tzte Lesezeit":"1\u00a0Minute"},"schema":{"@context":"https:\/\/schema.org","@graph":[{"@type":"WebPage","@id":"https:\/\/stehwein.com\/index.php\/italiano\/","url":"https:\/\/stehwein.com\/index.php\/italiano\/","name":"Italiano - Stehwein","isPartOf":{"@id":"https:\/\/stehwein.com\/#website"},"datePublished":"2019-07-17T15:12:04+00:00","dateModified":"2019-11-04T17:00:58+00:00","breadcrumb":{"@id":"https:\/\/stehwein.com\/index.php\/italiano\/#breadcrumb"},"inLanguage":"de","potentialAction":[{"@type":"ReadAction","target":["https:\/\/stehwein.com\/index.php\/italiano\/"]}]},{"@type":"BreadcrumbList","@id":"https:\/\/stehwein.com\/index.php\/italiano\/#breadcrumb","itemListElement":[{"@type":"ListItem","position":1,"name":"Startseite","item":"https:\/\/stehwein.com\/"},{"@type":"ListItem","position":2,"name":"Italiano"}]},{"@type":"WebSite","@id":"https:\/\/stehwein.com\/#website","url":"https:\/\/stehwein.com\/","name":"Stehwein","description":"Seit 1842 in Meran","publisher":{"@id":"https:\/\/stehwein.com\/#organization"},"potentialAction":[{"@type":"SearchAction","target":{"@type":"EntryPoint","urlTemplate":"https:\/\/stehwein.com\/?s={search_term_string}"},"query-input":{"@type":"PropertyValueSpecification","valueRequired":true,"valueName":"search_term_string"}}],"inLanguage":"de"},{"@type":"Organization","@id":"https:\/\/stehwein.com\/#organization","name":"Stehwein Meran","url":"https:\/\/stehwein.com\/","logo":{"@type":"ImageObject","inLanguage":"de","@id":"https:\/\/stehwein.com\/#\/schema\/logo\/image\/","url":"https:\/\/i1.wp.com\/stehwein.com\/wp-content\/uploads\/2018\/11\/cropped-logo-1.png?fit=200%2C200&ssl=1","contentUrl":"https:\/\/i1.wp.com\/stehwein.com\/wp-content\/uploads\/2018\/11\/cropped-logo-1.png?fit=200%2C200&ssl=1","width":200,"height":200,"caption":"Stehwein Meran"},"image":{"@id":"https:\/\/stehwein.com\/#\/schema\/logo\/image\/"}}]}},"jetpack_sharing_enabled":true,"_links":{"self":[{"href":"https:\/\/stehwein.com\/index.php\/wp-json\/wp\/v2\/pages\/138"}],"collection":[{"href":"https:\/\/stehwein.com\/index.php\/wp-json\/wp\/v2\/pages"}],"about":[{"href":"https:\/\/stehwein.com\/index.php\/wp-json\/wp\/v2\/types\/page"}],"author":[{"embeddable":true,"href":"https:\/\/stehwein.com\/index.php\/wp-json\/wp\/v2\/users\/1"}],"replies":[{"embeddable":true,"href":"https:\/\/stehwein.com\/index.php\/wp-json\/wp\/v2\/comments?post=138"}],"version-history":[{"count":3,"href":"https:\/\/stehwein.com\/index.php\/wp-json\/wp\/v2\/pages\/138\/revisions"}],"predecessor-version":[{"id":206,"href":"https:\/\/stehwein.com\/index.php\/wp-json\/wp\/v2\/pages\/138\/revisions\/206"}],"wp:attachment":[{"href":"https:\/\/stehwein.com\/index.php\/wp-json\/wp\/v2\/media?parent=138"}],"curies":[{"name":"wp","href":"https:\/\/api.w.org\/{rel}","templated":true}]}}